{"id":6254,"date":"2025-05-30T15:45:15","date_gmt":"2025-05-30T12:45:15","guid":{"rendered":"https:\/\/www.aslihankucuker.com\/esthetique-medicale\/vaccin-pour-les-jeunes\/"},"modified":"2025-06-28T03:01:56","modified_gmt":"2025-06-28T00:01:56","slug":"vaccin-pour-les-jeunes","status":"publish","type":"page","link":"https:\/\/www.aslihankucuker.com\/fr\/esthetique-medicale\/vaccin-pour-les-jeunes\/","title":{"rendered":"Vaccin pour les jeunes"},"content":{"rendered":"<p><section data-bb-version=\"5.2.8\" id=\"bt_bb_section69e66152e5de3\" data-parallax=\"0.6\" data-parallax-offset=\"0\" class=\"bt_bb_section bt_bb_top_spacing_large bt_bb_bottom_spacing_extra_large bt_bb_color_scheme_4 bt_bb_layout_boxed_1200 bt_bb_vertical_align_top bt_bb_parallax bt_bb_background_image bt_bb_section_with_bottom_coverage_image\" style=\"background-image:url(&#039;https:\/\/www.aslihankucuker.com\/wp-content\/uploads\/2024\/07\/manset-arka-plan-gorseli-04.jpg&#039;);\"><div class=\"bt_bb_port\"><div class=\"bt_bb_cell\"><div class=\"bt_bb_cell_inner\"><div class=\"bt_bb_row \"  data-bt-override-class=\"{}\"><div class=\"bt_bb_row_holder\" ><div data-bb-version=\"5.2.1\"  class=\"bt_bb_column col-xxl-8 col-xl-8 manset-baslik-sutunu bt_bb_vertical_align_middle bt_bb_align_left bt_bb_padding_normal bt_bb_animation_fade_in animate bt_bb_details-color_white\" style=\"background-color:rgba(255,255,255,0.7);; --column-width:8;\" data-width=\"8\" data-bt-override-class=\"{&quot;bt_bb_align_&quot;:{&quot;current_class&quot;:&quot;bt_bb_align_left&quot;,&quot;xxl&quot;:&quot;left&quot;}}\"><div class=\"bt_bb_column_content\"><div class=\"bt_bb_column_content_inner\"><header data-bb-version=\"5.2.8\" class=\"bt_bb_headline bt_bb_font_weight_normal bt_bb_dash_top bt_bb_superheadline bt_bb_superheadline_outside bt_bb_size_large bt_bb_align_inherit\" data-bt-override-class=\"{&quot;bt_bb_align_&quot;:{&quot;current_class&quot;:&quot;bt_bb_align_inherit&quot;,&quot;xxl&quot;:&quot;inherit&quot;},&quot;bt_bb_animation_&quot;:{&quot;current_class&quot;:&quot;bt_bb_animation_no_animation&quot;,&quot;xxl&quot;:&quot;no_animation&quot;}}\"><div class=\"bt_bb_headline_superheadline_outside\"><span class=\"bt_bb_headline_superheadline\">L&apos;ESTH\u00c9TIQUE M\u00c9DICALE<\/span><\/div><h1 class=\"bt_bb_headline_tag\"><span class=\"bt_bb_headline_content\"><span>Vaccin pour les jeunes<\/span><\/span><\/h1><\/header><\/div><\/div><\/div><div  class=\"bt_bb_column col-xxl-4 col-xl-4 bt_bb_vertical_align_top bt_bb_align_left bt_bb_padding_normal\" style=\"; --column-width:4;\" data-width=\"4\" data-bt-override-class=\"{}\"><div class=\"bt_bb_column_content\"><div class=\"bt_bb_column_content_inner\"><\/div><\/div><\/div><\/div><\/div><\/div><\/div><\/div><div class=\"bt_bb_section_bottom_section_coverage_image\"><img decoding=\"async\" src=\"https:\/\/www.aslihankucuker.com\/wp-content\/uploads\/2020\/04\/bottom_cover_3-1.png\" width=\"2500\"height=\"180\" alt=\"bt_bb_section_bottom_section_coverage_image\" \/><\/div><\/section><section data-bb-version=\"5.0.1\" id=\"bt_bb_section69e66152e67b7\"  class=\"bt_bb_section bt_bb_top_spacing_medium bt_bb_bottom_spacing_medium bt_bb_color_scheme_8 bt_bb_layout_boxed_1200 bt_bb_vertical_align_top\" ><div class=\"bt_bb_port\"><div class=\"bt_bb_cell\"><div class=\"bt_bb_cell_inner\"><div class=\"bt_bb_row \"  data-bt-override-class=\"{}\"><div class=\"bt_bb_row_holder\" ><div data-bb-version=\"5.2.8\"  class=\"bt_bb_column col-xxl-6 col-xl-6 col-xs-12 col-sm-6 col-md-6 col-lg-6 bt_bb_vertical_align_middle bt_bb_align_center bt_bb_padding_normal bt_bb_animation_fade_in animate bt_bb_details-color_white\" style=\"; --column-width:6;\" data-width=\"6\" data-bt-override-class=\"{&quot;bt_bb_align_&quot;:{&quot;current_class&quot;:&quot;bt_bb_align_center&quot;,&quot;xxl&quot;:&quot;center&quot;},&quot;bt_bb_animation_&quot;:{&quot;current_class&quot;:&quot;bt_bb_animation_fade_in animate&quot;,&quot;xxl&quot;:&quot;fade_in animate&quot;}}\"><div class=\"bt_bb_column_content\"><div class=\"bt_bb_column_content_inner\"><div data-bb-version=\"5.2.8\" class=\"bt_bb_image ozel-gorsel bt_bb_shape_square bt_bb_align_inherit bt_bb_hover_style_simple bt_bb_content_display_always bt_bb_content_align_middle\" style=\"width: 180px;\" data-bt-override-class=\"{&quot;bt_bb_align_&quot;:{&quot;current_class&quot;:&quot;bt_bb_align_inherit&quot;,&quot;xxl&quot;:&quot;inherit&quot;}}\"><span><img decoding=\"async\" src=\"https:\/\/www.aslihankucuker.com\/wp-content\/uploads\/2025\/06\/genclik-asisi.jpg\" width=\"720\"height=\"1280\" data-full_image_src=\"https:\/\/www.aslihankucuker.com\/wp-content\/uploads\/2025\/06\/genclik-asisi.jpg\"  title=\"genclik-asisi\" alt=\"Medikal Estetik - Gen\u00e7lik A\u015f\u0131s\u0131\"><\/span><\/div><div data-bb-version=\"5.0.1\" class=\"bt_bb_separator bt_bb_bottom_spacing_normal bt_bb_border_style_none bt_bb_border_color_none bt_bb_hidden_sm bt_bb_hidden_md bt_bb_hidden_lg bt_bb_hidden_xl\"><\/div><\/div><\/div><\/div><div  class=\"bt_bb_column col-xxl-4 col-xl-4 col-xs-12 col-sm-4 col-md-4 col-lg-4 bt_bb_vertical_align_middle bt_bb_align_left bt_bb_padding_normal bt_bb_animation_fade_in animate\" style=\"; --column-width:4;\" data-width=\"4\" data-bt-override-class=\"{}\"><div class=\"bt_bb_column_content\"><div class=\"bt_bb_column_content_inner\"><div data-bb-version=\"5.0.3\" class=\"bt_bb_floating_image bt_bb_shape_square bt_bb_floating_image_horizontal_position_right bt_bb_floating_image_vertical_position_bottom bt_bb_floating_image_animation_delay_default bt_bb_floating_image_animation_duration_4000 bt_bb_floating_image_animation_style_ease_out bt_bb_hidden_xs bt_bb_hidden_ms bt_bb_hidden_sm\" data-speed=\"1.2\"><div class=\"bt_bb_floating_image_image\" data-speed=\"1.2\"><div class=\"bt_bb_image bt_bb_shape_square\" data-bt-override-class=\"{}\"><span><img decoding=\"async\" src=\"https:\/\/www.aslihankucuker.com\/wp-content\/uploads\/2024\/07\/ucgen-pembe-kucuk.png\" width=\"180\"height=\"200\" data-full_image_src=\"https:\/\/www.aslihankucuker.com\/wp-content\/uploads\/2024\/07\/ucgen-pembe-kucuk.png\"  title=\"ucgen-pembe-kucuk\" alt=\"Pembe \u00fc\u00e7gen, k\u00fc\u00e7\u00fck\"><\/span><\/div><\/div><\/div><div data-bb-version=\"5.0.1\"  class=\"bt_bb_text\" ><\/p>\n<p>Le terme \u00ab\u00a0vaccin de jeunesse\u00a0\u00bb fait g\u00e9n\u00e9ralement r\u00e9f\u00e9rence \u00e0 l&rsquo;administration sous-cutan\u00e9e de composants tels que l&rsquo;acide hyaluronique, les vitamines, les acides amin\u00e9s et les antioxydants par injection, conform\u00e9ment \u00e0 la structure naturelle de la peau.<\/p>\n<p>\n<\/div><\/div><\/div><\/div><div data-bb-version=\"5.0.1\"  class=\"bt_bb_column col-xxl-2 col-xl-2 col-xs-12 col-sm-2 col-md-2 col-lg-2 bt_bb_vertical_align_top bt_bb_align_left bt_bb_padding_normal\" style=\"; --column-width:2;\" data-width=\"2\" data-bt-override-class=\"{}\"><div class=\"bt_bb_column_content\"><div class=\"bt_bb_column_content_inner\"><\/div><\/div><\/div><\/div><\/div><\/div><\/div><\/div><\/section><section data-bb-version=\"5.2.8\" id=\"bt_bb_section69e66152e7af5\"  class=\"bt_bb_section bt_bb_top_spacing_medium bt_bb_bottom_spacing_medium bt_bb_color_scheme_8 bt_bb_layout_boxed_1200 bt_bb_vertical_align_top bt_bb_background_overlay_light_bottom_gradient bt_bb_section_with_top_coverage_image\" style=\";background-color:rgb(233,243,252);\"><div class=\"bt_bb_port\"><div class=\"bt_bb_cell\"><div class=\"bt_bb_cell_inner\"><div data-bb-version=\"5.0.1\" class=\"bt_bb_row  bt_bb_animation_no_animation animate\"  data-bt-override-class=\"{}\"id=\"acik-varis-cerrahisi\"><div class=\"bt_bb_row_holder\" ><div data-bb-version=\"5.0.1\"  class=\"bt_bb_column col-xxl-12 col-xl-12 col-xs-12 col-sm-12 col-md-12 col-lg-12 bt_bb_vertical_align_top bt_bb_align_left bt_bb_padding_normal bt_bb_details-color_white\" style=\"; --column-width:12;\" data-width=\"12\" data-bt-override-class=\"{&quot;bt_bb_align_&quot;:{&quot;current_class&quot;:&quot;bt_bb_align_left&quot;,&quot;xxl&quot;:&quot;left&quot;}}\"><div class=\"bt_bb_column_content\"><div class=\"bt_bb_column_content_inner\"><div data-bb-version=\"5.2.8\" class=\"bt_bb_separator bt_bb_top_spacing_medium bt_bb_bottom_spacing_medium bt_bb_border_style_none bt_bb_border_color_none\"><\/div><div data-bb-version=\"5.0.1\"  class=\"bt_bb_text\" ><\/p>\n<p>Bien qu&rsquo;il ne s&rsquo;agisse pas d&rsquo;un terme m\u00e9dical officiel, il a \u00e9t\u00e9 fr\u00e9quemment utilis\u00e9 ces derni\u00e8res ann\u00e9es pour d\u00e9crire divers traitements qui am\u00e9liorent l&rsquo;apparence de la peau et r\u00e9duisent les signes du vieillissement tels que la formation de rides, la perte d&rsquo;hydratation et d&rsquo;\u00e9lasticit\u00e9, le rel\u00e2chement ou l&rsquo;affaissement, les taches, la s\u00e9cheresse et la r\u00e9g\u00e9n\u00e9ration des tissus de la peau. En particulier, les produits contenant de l&rsquo;acide hyaluronique, du collag\u00e8ne et d&rsquo;autres ingr\u00e9dients nourrissants peuvent \u00eatre appel\u00e9s \u00ab\u00a0vaccins pour la jeunesse\u00a0\u00bb. Ces traitements visent \u00e0 resserrer la peau en am\u00e9liorant l&rsquo;hydratation et l&rsquo;\u00e9lasticit\u00e9 de la peau, r\u00e9duisant ainsi les signes de vieillissement et donnant \u00e0 la peau un aspect plus jeune. Le vaccin contre la jeunesse est souvent utilis\u00e9 pour att\u00e9nuer les rides et ridules de la peau, unifier le teint et donner \u00e0 la peau un aspect plus lumineux. Le terme \u00ab\u00a0vaccin contre la jeunesse\u00a0\u00bb est un concept qui couvre le renouvellement de la peau et les traitements anti-\u00e2ge dans un sens plus large. Tous ces traitements visent \u00e0 am\u00e9liorer l&rsquo;apparence de la peau et \u00e0 retarder les signes du vieillissement.<\/p>\n<p>\n<\/div><\/div><\/div><\/div><\/div><\/div><\/div><\/div><\/div><div class=\"bt_bb_section_top_section_coverage_image\"><img decoding=\"async\" src=\"https:\/\/www.aslihankucuker.com\/wp-content\/uploads\/2020\/06\/top_cover_longer-1.png\" width=\"2500\"height=\"230\" alt=\"bt_bb_section_top_section_coverage_image\" \/><\/div><\/section><\/p>\n","protected":false},"excerpt":{"rendered":"","protected":false},"author":3,"featured_media":0,"parent":6244,"menu_order":3,"comment_status":"closed","ping_status":"closed","template":"","meta":{"footnotes":""},"class_list":["post-6254","page","type-page","status-publish","hentry"],"yoast_head":"<!-- This site is optimized with the Yoast SEO plugin v24.8.1 - https:\/\/yoast.com\/wordpress\/plugins\/seo\/ -->\n<title>Vaccin pour la jeunesse, Assoc. Dr Asl\u0131han K\u00fc\u00e7\u00fcker<\/title>\n<meta name=\"description\" content=\"Qu&#039;est-ce qu&#039;un vaccin pour les jeunes ? Quels sont les ingr\u00e9dients contenus dans le vaccin contre la jeunesse ? Quels sont les avantages de la vaccination des jeunes ? Comment r\u00e9duire les signes du vieillissement ?\" \/>\n<meta name=\"robots\" content=\"index, follow, max-snippet:-1, max-image-preview:large, max-video-preview:-1\" \/>\n<link rel=\"canonical\" href=\"https:\/\/www.aslihankucuker.com\/fr\/esthetique-medicale\/vaccin-pour-les-jeunes\/\" \/>\n<meta property=\"og:locale\" content=\"fr_FR\" \/>\n<meta property=\"og:type\" content=\"article\" \/>\n<meta property=\"og:title\" content=\"Vaccin pour la jeunesse, Assoc. Dr Asl\u0131han K\u00fc\u00e7\u00fcker\" \/>\n<meta property=\"og:description\" content=\"Qu&#039;est-ce qu&#039;un vaccin pour les jeunes ? Quels sont les ingr\u00e9dients contenus dans le vaccin contre la jeunesse ? Quels sont les avantages de la vaccination des jeunes ? Comment r\u00e9duire les signes du vieillissement ?\" \/>\n<meta property=\"og:url\" content=\"https:\/\/www.aslihankucuker.com\/fr\/esthetique-medicale\/vaccin-pour-les-jeunes\/\" \/>\n<meta property=\"og:site_name\" content=\"Ma\u00eetre de Conf\u00e9rences Docteure Asl\u0131han K\u00fc\u00e7\u00fcker\" \/>\n<meta property=\"article:publisher\" content=\"https:\/\/www.facebook.com\/profile.php?id=61552768660846\" \/>\n<meta property=\"article:modified_time\" content=\"2025-06-28T00:01:56+00:00\" \/>\n<meta property=\"og:image\" content=\"https:\/\/www.aslihankucuker.com\/wp-content\/uploads\/2025\/06\/genclik-asisi-640x1138.jpg\" \/>\n<meta name=\"twitter:card\" content=\"summary_large_image\" \/>\n<meta name=\"twitter:label1\" content=\"Dur\u00e9e de lecture estim\u00e9e\" \/>\n\t<meta name=\"twitter:data1\" content=\"6 minutes\" \/>\n<script type=\"application\/ld+json\" class=\"yoast-schema-graph\">{\"@context\":\"https:\/\/schema.org\",\"@graph\":[{\"@type\":\"WebPage\",\"@id\":\"https:\/\/www.aslihankucuker.com\/fr\/esthetique-medicale\/vaccin-pour-les-jeunes\/\",\"url\":\"https:\/\/www.aslihankucuker.com\/fr\/esthetique-medicale\/vaccin-pour-les-jeunes\/\",\"name\":\"Vaccin pour la jeunesse, Assoc. Dr Asl\u0131han K\u00fc\u00e7\u00fcker\",\"isPartOf\":{\"@id\":\"https:\/\/www.aslihankucuker.com\/fr\/#website\"},\"datePublished\":\"2025-05-30T12:45:15+00:00\",\"dateModified\":\"2025-06-28T00:01:56+00:00\",\"description\":\"Qu'est-ce qu'un vaccin pour les jeunes ? Quels sont les ingr\u00e9dients contenus dans le vaccin contre la jeunesse ? Quels sont les avantages de la vaccination des jeunes ? Comment r\u00e9duire les signes du vieillissement ?\",\"breadcrumb\":{\"@id\":\"https:\/\/www.aslihankucuker.com\/fr\/esthetique-medicale\/vaccin-pour-les-jeunes\/#breadcrumb\"},\"inLanguage\":\"fr-FR\",\"potentialAction\":[{\"@type\":\"ReadAction\",\"target\":[\"https:\/\/www.aslihankucuker.com\/fr\/esthetique-medicale\/vaccin-pour-les-jeunes\/\"]}]},{\"@type\":\"BreadcrumbList\",\"@id\":\"https:\/\/www.aslihankucuker.com\/fr\/esthetique-medicale\/vaccin-pour-les-jeunes\/#breadcrumb\",\"itemListElement\":[{\"@type\":\"ListItem\",\"position\":1,\"name\":\"Anasayfa\",\"item\":\"https:\/\/www.aslihankucuker.com\/fr\/page-daccueil\/\"},{\"@type\":\"ListItem\",\"position\":2,\"name\":\"Esth\u00e9tique m\u00e9dicale\",\"item\":\"https:\/\/www.aslihankucuker.com\/fr\/esthetique-medicale\/\"},{\"@type\":\"ListItem\",\"position\":3,\"name\":\"Vaccin pour les jeunes\"}]},{\"@type\":\"WebSite\",\"@id\":\"https:\/\/www.aslihankucuker.com\/fr\/#website\",\"url\":\"https:\/\/www.aslihankucuker.com\/fr\/\",\"name\":\"Do\u00e7. Dr. Asl\u0131han K\u00fc\u00e7\u00fcker\",\"description\":\"Sp\u00e9cialiste en Chirurgie Cardio-vasculaire\",\"publisher\":{\"@id\":\"https:\/\/www.aslihankucuker.com\/fr\/#organization\"},\"potentialAction\":[{\"@type\":\"SearchAction\",\"target\":{\"@type\":\"EntryPoint\",\"urlTemplate\":\"https:\/\/www.aslihankucuker.com\/fr\/?s={search_term_string}\"},\"query-input\":{\"@type\":\"PropertyValueSpecification\",\"valueRequired\":true,\"valueName\":\"search_term_string\"}}],\"inLanguage\":\"fr-FR\"},{\"@type\":\"Organization\",\"@id\":\"https:\/\/www.aslihankucuker.com\/fr\/#organization\",\"name\":\"Do\u00e7. Dr. Asl\u0131han K\u00fc\u00e7\u00fcker\",\"url\":\"https:\/\/www.aslihankucuker.com\/fr\/\",\"logo\":{\"@type\":\"ImageObject\",\"inLanguage\":\"fr-FR\",\"@id\":\"https:\/\/www.aslihankucuker.com\/fr\/#\/schema\/logo\/image\/\",\"url\":\"https:\/\/www.aslihankucuker.com\/wp-content\/uploads\/2024\/07\/logo-doc-dr-aslihan-kucuker-renkli.svg\",\"contentUrl\":\"https:\/\/www.aslihankucuker.com\/wp-content\/uploads\/2024\/07\/logo-doc-dr-aslihan-kucuker-renkli.svg\",\"width\":1201,\"height\":542,\"caption\":\"Do\u00e7. Dr. Asl\u0131han K\u00fc\u00e7\u00fcker\"},\"image\":{\"@id\":\"https:\/\/www.aslihankucuker.com\/fr\/#\/schema\/logo\/image\/\"},\"sameAs\":[\"https:\/\/www.facebook.com\/profile.php?id=61552768660846\",\"https:\/\/www.instagram.com\/doc.dr.aslihankucuker\/\"]}]}<\/script>\n<!-- \/ Yoast SEO plugin. -->","yoast_head_json":{"title":"Vaccin pour la jeunesse, Assoc. Dr Asl\u0131han K\u00fc\u00e7\u00fcker","description":"Qu'est-ce qu'un vaccin pour les jeunes ? Quels sont les ingr\u00e9dients contenus dans le vaccin contre la jeunesse ? Quels sont les avantages de la vaccination des jeunes ? Comment r\u00e9duire les signes du vieillissement ?","robots":{"index":"index","follow":"follow","max-snippet":"max-snippet:-1","max-image-preview":"max-image-preview:large","max-video-preview":"max-video-preview:-1"},"canonical":"https:\/\/www.aslihankucuker.com\/fr\/esthetique-medicale\/vaccin-pour-les-jeunes\/","og_locale":"fr_FR","og_type":"article","og_title":"Vaccin pour la jeunesse, Assoc. Dr Asl\u0131han K\u00fc\u00e7\u00fcker","og_description":"Qu'est-ce qu'un vaccin pour les jeunes ? Quels sont les ingr\u00e9dients contenus dans le vaccin contre la jeunesse ? Quels sont les avantages de la vaccination des jeunes ? Comment r\u00e9duire les signes du vieillissement ?","og_url":"https:\/\/www.aslihankucuker.com\/fr\/esthetique-medicale\/vaccin-pour-les-jeunes\/","og_site_name":"Ma\u00eetre de Conf\u00e9rences Docteure Asl\u0131han K\u00fc\u00e7\u00fcker","article_publisher":"https:\/\/www.facebook.com\/profile.php?id=61552768660846","article_modified_time":"2025-06-28T00:01:56+00:00","og_image":[{"url":"https:\/\/www.aslihankucuker.com\/wp-content\/uploads\/2025\/06\/genclik-asisi-640x1138.jpg","type":"","width":"","height":""}],"twitter_card":"summary_large_image","twitter_misc":{"Dur\u00e9e de lecture estim\u00e9e":"6 minutes"},"schema":{"@context":"https:\/\/schema.org","@graph":[{"@type":"WebPage","@id":"https:\/\/www.aslihankucuker.com\/fr\/esthetique-medicale\/vaccin-pour-les-jeunes\/","url":"https:\/\/www.aslihankucuker.com\/fr\/esthetique-medicale\/vaccin-pour-les-jeunes\/","name":"Vaccin pour la jeunesse, Assoc. Dr Asl\u0131han K\u00fc\u00e7\u00fcker","isPartOf":{"@id":"https:\/\/www.aslihankucuker.com\/fr\/#website"},"datePublished":"2025-05-30T12:45:15+00:00","dateModified":"2025-06-28T00:01:56+00:00","description":"Qu'est-ce qu'un vaccin pour les jeunes ? Quels sont les ingr\u00e9dients contenus dans le vaccin contre la jeunesse ? Quels sont les avantages de la vaccination des jeunes ? Comment r\u00e9duire les signes du vieillissement ?","breadcrumb":{"@id":"https:\/\/www.aslihankucuker.com\/fr\/esthetique-medicale\/vaccin-pour-les-jeunes\/#breadcrumb"},"inLanguage":"fr-FR","potentialAction":[{"@type":"ReadAction","target":["https:\/\/www.aslihankucuker.com\/fr\/esthetique-medicale\/vaccin-pour-les-jeunes\/"]}]},{"@type":"BreadcrumbList","@id":"https:\/\/www.aslihankucuker.com\/fr\/esthetique-medicale\/vaccin-pour-les-jeunes\/#breadcrumb","itemListElement":[{"@type":"ListItem","position":1,"name":"Anasayfa","item":"https:\/\/www.aslihankucuker.com\/fr\/page-daccueil\/"},{"@type":"ListItem","position":2,"name":"Esth\u00e9tique m\u00e9dicale","item":"https:\/\/www.aslihankucuker.com\/fr\/esthetique-medicale\/"},{"@type":"ListItem","position":3,"name":"Vaccin pour les jeunes"}]},{"@type":"WebSite","@id":"https:\/\/www.aslihankucuker.com\/fr\/#website","url":"https:\/\/www.aslihankucuker.com\/fr\/","name":"Do\u00e7. Dr. Asl\u0131han K\u00fc\u00e7\u00fcker","description":"Sp\u00e9cialiste en Chirurgie Cardio-vasculaire","publisher":{"@id":"https:\/\/www.aslihankucuker.com\/fr\/#organization"},"potentialAction":[{"@type":"SearchAction","target":{"@type":"EntryPoint","urlTemplate":"https:\/\/www.aslihankucuker.com\/fr\/?s={search_term_string}"},"query-input":{"@type":"PropertyValueSpecification","valueRequired":true,"valueName":"search_term_string"}}],"inLanguage":"fr-FR"},{"@type":"Organization","@id":"https:\/\/www.aslihankucuker.com\/fr\/#organization","name":"Do\u00e7. Dr. Asl\u0131han K\u00fc\u00e7\u00fcker","url":"https:\/\/www.aslihankucuker.com\/fr\/","logo":{"@type":"ImageObject","inLanguage":"fr-FR","@id":"https:\/\/www.aslihankucuker.com\/fr\/#\/schema\/logo\/image\/","url":"https:\/\/www.aslihankucuker.com\/wp-content\/uploads\/2024\/07\/logo-doc-dr-aslihan-kucuker-renkli.svg","contentUrl":"https:\/\/www.aslihankucuker.com\/wp-content\/uploads\/2024\/07\/logo-doc-dr-aslihan-kucuker-renkli.svg","width":1201,"height":542,"caption":"Do\u00e7. Dr. Asl\u0131han K\u00fc\u00e7\u00fcker"},"image":{"@id":"https:\/\/www.aslihankucuker.com\/fr\/#\/schema\/logo\/image\/"},"sameAs":["https:\/\/www.facebook.com\/profile.php?id=61552768660846","https:\/\/www.instagram.com\/doc.dr.aslihankucuker\/"]}]}},"_links":{"self":[{"href":"https:\/\/www.aslihankucuker.com\/fr\/wp-json\/wp\/v2\/pages\/6254","targetHints":{"allow":["GET"]}}],"collection":[{"href":"https:\/\/www.aslihankucuker.com\/fr\/wp-json\/wp\/v2\/pages"}],"about":[{"href":"https:\/\/www.aslihankucuker.com\/fr\/wp-json\/wp\/v2\/types\/page"}],"author":[{"embeddable":true,"href":"https:\/\/www.aslihankucuker.com\/fr\/wp-json\/wp\/v2\/users\/3"}],"replies":[{"embeddable":true,"href":"https:\/\/www.aslihankucuker.com\/fr\/wp-json\/wp\/v2\/comments?post=6254"}],"version-history":[{"count":0,"href":"https:\/\/www.aslihankucuker.com\/fr\/wp-json\/wp\/v2\/pages\/6254\/revisions"}],"up":[{"embeddable":true,"href":"https:\/\/www.aslihankucuker.com\/fr\/wp-json\/wp\/v2\/pages\/6244"}],"wp:attachment":[{"href":"https:\/\/www.aslihankucuker.com\/fr\/wp-json\/wp\/v2\/media?parent=6254"}],"curies":[{"name":"wp","href":"https:\/\/api.w.org\/{rel}","templated":true}]}}