{"id":6235,"date":"2024-06-04T01:35:57","date_gmt":"2024-06-03T22:35:57","guid":{"rendered":"https:\/\/www.aslihankucuker.com\/arrivee\/interventions-chirurgicales\/"},"modified":"2025-06-30T00:45:37","modified_gmt":"2025-06-29T21:45:37","slug":"interventions-chirurgicales","status":"publish","type":"page","link":"https:\/\/www.aslihankucuker.com\/fr\/varices\/interventions-chirurgicales\/","title":{"rendered":"Interventions chirurgicales"},"content":{"rendered":"<p><section data-bb-version=\"5.0.1\" id=\"bt_bb_section69e6751016b7b\" data-parallax=\"0.6\" data-parallax-offset=\"0\" class=\"bt_bb_section bt_bb_top_spacing_large bt_bb_bottom_spacing_extra_large bt_bb_color_scheme_4 bt_bb_layout_boxed_1200 bt_bb_vertical_align_top bt_bb_parallax bt_bb_background_image bt_bb_section_with_bottom_coverage_image\" style=\"background-image:url(&#039;https:\/\/www.aslihankucuker.com\/wp-content\/uploads\/2024\/07\/manset-arka-plan-gorseli-04.jpg&#039;);\"><div class=\"bt_bb_port\"><div class=\"bt_bb_cell\"><div class=\"bt_bb_cell_inner\"><div class=\"bt_bb_row \"  data-bt-override-class=\"{}\"><div class=\"bt_bb_row_holder\" ><div data-bb-version=\"5.2.1\"  class=\"bt_bb_column col-xxl-8 col-xl-8 manset-baslik-sutunu bt_bb_vertical_align_middle bt_bb_align_left bt_bb_padding_normal bt_bb_animation_fade_in animate bt_bb_details-color_white\" style=\"background-color:rgba(255,255,255,0.7);; --column-width:8;\" data-width=\"8\" data-bt-override-class=\"{&quot;bt_bb_align_&quot;:{&quot;current_class&quot;:&quot;bt_bb_align_left&quot;,&quot;xxl&quot;:&quot;left&quot;}}\"><div class=\"bt_bb_column_content\"><div class=\"bt_bb_column_content_inner\"><header data-bb-version=\"5.0.1\" class=\"bt_bb_headline bt_bb_font_weight_normal bt_bb_dash_top bt_bb_superheadline bt_bb_superheadline_outside bt_bb_size_large bt_bb_align_inherit\" data-bt-override-class=\"{&quot;bt_bb_align_&quot;:{&quot;current_class&quot;:&quot;bt_bb_align_inherit&quot;,&quot;xxl&quot;:&quot;inherit&quot;}}\"><div class=\"bt_bb_headline_superheadline_outside\"><span class=\"bt_bb_headline_superheadline\">VARICES<\/span><\/div><h1 class=\"bt_bb_headline_tag\"><span class=\"bt_bb_headline_content\"><span>Interventions chirurgicales<\/span><\/span><\/h1><\/header><\/div><\/div><\/div><div  class=\"bt_bb_column col-xxl-4 col-xl-4 bt_bb_vertical_align_top bt_bb_align_left bt_bb_padding_normal\" style=\"; --column-width:4;\" data-width=\"4\" data-bt-override-class=\"{}\"><div class=\"bt_bb_column_content\"><div class=\"bt_bb_column_content_inner\"><\/div><\/div><\/div><\/div><\/div><\/div><\/div><\/div><div class=\"bt_bb_section_bottom_section_coverage_image\"><img decoding=\"async\" src=\"https:\/\/www.aslihankucuker.com\/wp-content\/uploads\/2020\/04\/bottom_cover_3-1.png\" width=\"2500\"height=\"180\" alt=\"bt_bb_section_bottom_section_coverage_image\" \/><\/div><\/section><section data-bb-version=\"5.0.1\" id=\"bt_bb_section69e675101759f\"  class=\"bt_bb_section bt_bb_top_spacing_medium bt_bb_bottom_spacing_medium bt_bb_color_scheme_8 bt_bb_layout_boxed_1200 bt_bb_vertical_align_top\" ><div class=\"bt_bb_port\"><div class=\"bt_bb_cell\"><div class=\"bt_bb_cell_inner\"><div class=\"bt_bb_row \"  data-bt-override-class=\"{}\"><div class=\"bt_bb_row_holder\" ><div data-bb-version=\"5.0.3\"  class=\"bt_bb_column col-xxl-6 col-xl-6 col-xs-12 col-sm-6 col-md-6 col-lg-6 bt_bb_vertical_align_middle bt_bb_align_left bt_bb_padding_normal bt_bb_animation_fade_in animate bt_bb_details-color_white\" style=\"; --column-width:6;\" data-width=\"6\" data-bt-override-class=\"{&quot;bt_bb_align_&quot;:{&quot;current_class&quot;:&quot;bt_bb_align_left&quot;,&quot;xxl&quot;:&quot;left&quot;}}\"><div class=\"bt_bb_column_content\"><div class=\"bt_bb_column_content_inner\"><div data-bb-version=\"5.0.3\" class=\"bt_bb_image ozel-gorsel bt_bb_shape_square bt_bb_align_inherit bt_bb_hover_style_simple bt_bb_content_display_always bt_bb_content_align_middle\" data-bt-override-class=\"{&quot;bt_bb_align_&quot;:{&quot;current_class&quot;:&quot;bt_bb_align_inherit&quot;,&quot;xxl&quot;:&quot;inherit&quot;}}\"><span><img decoding=\"async\" src=\"https:\/\/www.aslihankucuker.com\/wp-content\/uploads\/2024\/10\/cerrahi-girisimler.jpg\" width=\"1080\"height=\"608\" data-full_image_src=\"https:\/\/www.aslihankucuker.com\/wp-content\/uploads\/2024\/10\/cerrahi-girisimler.jpg\"  title=\"cerrahi-girisimler\" alt=\"Varis - Cerrahi Giri\u015fimler\"><\/span><\/div><div data-bb-version=\"5.0.1\" class=\"bt_bb_separator bt_bb_bottom_spacing_normal bt_bb_border_style_none bt_bb_border_color_none bt_bb_hidden_sm bt_bb_hidden_md bt_bb_hidden_lg bt_bb_hidden_xl\"><\/div><\/div><\/div><\/div><div  class=\"bt_bb_column col-xxl-4 col-xl-4 col-xs-12 col-sm-4 col-md-4 col-lg-4 bt_bb_vertical_align_middle bt_bb_align_left bt_bb_padding_normal bt_bb_animation_fade_in animate\" style=\"; --column-width:4;\" data-width=\"4\" data-bt-override-class=\"{}\"><div class=\"bt_bb_column_content\"><div class=\"bt_bb_column_content_inner\"><div data-bb-version=\"5.0.3\" class=\"bt_bb_floating_image bt_bb_shape_square bt_bb_floating_image_horizontal_position_right bt_bb_floating_image_vertical_position_bottom bt_bb_floating_image_animation_delay_default bt_bb_floating_image_animation_duration_4000 bt_bb_floating_image_animation_style_ease_out bt_bb_hidden_xs bt_bb_hidden_ms bt_bb_hidden_sm\" data-speed=\"1.2\"><div class=\"bt_bb_floating_image_image\" data-speed=\"1.2\"><div class=\"bt_bb_image bt_bb_shape_square\" data-bt-override-class=\"{}\"><span><img decoding=\"async\" src=\"https:\/\/www.aslihankucuker.com\/wp-content\/uploads\/2024\/07\/ucgen-pembe-kucuk.png\" width=\"180\"height=\"200\" data-full_image_src=\"https:\/\/www.aslihankucuker.com\/wp-content\/uploads\/2024\/07\/ucgen-pembe-kucuk.png\"  title=\"ucgen-pembe-kucuk\" alt=\"Pembe \u00fc\u00e7gen, k\u00fc\u00e7\u00fck\"><\/span><\/div><\/div><\/div><div data-bb-version=\"5.0.1\"  class=\"bt_bb_text\" ><\/p>\n<p>Les interventions chirurgicales comprennent des approches r\u00e9alis\u00e9es dans des conditions de salle d&rsquo;op\u00e9ration st\u00e9riles, dans lesquelles des techniques d&rsquo;anesth\u00e9sie adapt\u00e9es au patient, telles que l&rsquo;anesth\u00e9sie locale, la rachianesth\u00e9sie ou l&rsquo;anesth\u00e9sie tumescente, peuvent \u00eatre utilis\u00e9es, des incisions cutan\u00e9es peuvent \u00eatre pratiqu\u00e9es puis des points de suture sont appliqu\u00e9s. L&rsquo;approche chirurgicale est d\u00e9termin\u00e9e en fonction des varices et des caract\u00e9ristiques personnelles de chaque patient. Les interventions chirurgicales comprennent: <\/p>\n<ul>\n<li>Chirurgie ouverte des varices<\/li>\n<li>Suppression de packages<\/li>\n<\/ul>\n<p>\n<\/div><\/div><\/div><\/div><div data-bb-version=\"5.0.1\"  class=\"bt_bb_column col-xxl-2 col-xl-2 col-xs-12 col-sm-2 col-md-2 col-lg-2 bt_bb_vertical_align_top bt_bb_align_left bt_bb_padding_normal\" style=\"; --column-width:2;\" data-width=\"2\" data-bt-override-class=\"{}\"><div class=\"bt_bb_column_content\"><div class=\"bt_bb_column_content_inner\"><\/div><\/div><\/div><\/div><\/div><\/div><\/div><\/div><\/section><section data-bb-version=\"5.1.6\" id=\"bt_bb_section69e6751019e96\"  class=\"bt_bb_section bt_bb_top_spacing_medium bt_bb_color_scheme_8 bt_bb_layout_boxed_1200 bt_bb_vertical_align_top bt_bb_section_with_top_coverage_image\" style=\";background-color:rgb(233,243,252);\"><div class=\"bt_bb_port\"><div class=\"bt_bb_cell\"><div class=\"bt_bb_cell_inner\"><div data-bb-version=\"5.0.1\" class=\"bt_bb_row  bt_bb_animation_no_animation animate\"  data-bt-override-class=\"{}\"id=\"acik-varis-cerrahisi\"><div class=\"bt_bb_row_holder\" ><div data-bb-version=\"5.0.1\"  class=\"bt_bb_column col-xxl-12 col-xl-12 col-xs-12 col-sm-12 col-md-12 col-lg-12 bt_bb_vertical_align_top bt_bb_align_left bt_bb_padding_normal bt_bb_details-color_white\" style=\"; --column-width:12;\" data-width=\"12\" data-bt-override-class=\"{&quot;bt_bb_align_&quot;:{&quot;current_class&quot;:&quot;bt_bb_align_left&quot;,&quot;xxl&quot;:&quot;left&quot;}}\"><div class=\"bt_bb_column_content\"><div class=\"bt_bb_column_content_inner\"><div data-bb-version=\"5.0.1\" class=\"bt_bb_separator bt_bb_top_spacing_small bt_bb_bottom_spacing_medium bt_bb_border_style_none bt_bb_border_color_none\"><\/div><header data-bb-version=\"5.0.1\" class=\"bt_bb_headline bt_bb_font_weight_normal bt_bb_dash_none bt_bb_size_normal bt_bb_align_inherit\" data-bt-override-class=\"{&quot;bt_bb_align_&quot;:{&quot;current_class&quot;:&quot;bt_bb_align_inherit&quot;,&quot;xxl&quot;:&quot;inherit&quot;}}\"><h2 class=\"bt_bb_headline_tag\"><span class=\"bt_bb_headline_content\"><span>Chirurgie ouverte des varices<\/span><\/span><\/h2><\/header><div data-bb-version=\"5.0.1\" class=\"bt_bb_separator bt_bb_bottom_spacing_normal bt_bb_border_style_none bt_bb_border_color_none\"><\/div><\/div><\/div><\/div><\/div><\/div><div data-bb-version=\"5.0.1\" class=\"bt_bb_row  bt_bb_animation_no_animation animate\"  data-bt-override-class=\"{}\"><div class=\"bt_bb_row_holder\" ><div  class=\"bt_bb_column col-xxl-12 col-xl-12 col-xs-12 col-sm-12 col-md-12 col-lg-12 bt_bb_vertical_align_middle bt_bb_align_left bt_bb_padding_normal bt_bb_animation_fade_in animate\" style=\"position: relative;; --column-width:12;\" data-width=\"12\" data-bt-override-class=\"{}\"><div class=\"bt_bb_column_content\"><div class=\"bt_bb_column_content_inner\"><div  class=\"bt_bb_text\" ><\/p>\n<p>La chirurgie ouverte des varices (<em>stripping veineux<\/em>) est une m\u00e9thode permettant de trouver la veine variqueuse principale (<em>grande veine saph\u00e8ne<\/em>) dans des conditions de salle d&rsquo;op\u00e9ration en pratiquant de petites incisions dans l&rsquo;aine et sous le genou ou la cheville, selon la pr\u00e9f\u00e9rence du chirurgien, et en retirant compl\u00e8tement la veine \u00e0 l&rsquo;aide d&rsquo;un fil envoy\u00e9 dans la veine. Les incisions sont ensuite ferm\u00e9es. De petites cicatrices d&rsquo;incision peuvent subsister. Il s\u2019agit de la chirurgie classique des varices.<\/p>\n<p>\n<\/div><\/div><\/div><\/div><\/div><\/div><\/div><\/div><\/div><div class=\"bt_bb_section_top_section_coverage_image\"><img decoding=\"async\" src=\"https:\/\/www.aslihankucuker.com\/wp-content\/uploads\/2020\/06\/top_cover_longer-1.png\" width=\"2500\"height=\"230\" alt=\"bt_bb_section_top_section_coverage_image\" \/><\/div><\/section><section data-bb-version=\"5.1.6\" id=\"pakelerin-cikarilmasi\"  class=\"bt_bb_section bt_bb_top_spacing_medium bt_bb_bottom_spacing_medium bt_bb_color_scheme_8 bt_bb_layout_boxed_1200 bt_bb_vertical_align_top bt_bb_background_overlay_light_bottom_gradient\" style=\";background-color:rgb(233,243,252);\"><div class=\"bt_bb_port\"><div class=\"bt_bb_cell\"><div class=\"bt_bb_cell_inner\"><div data-bb-version=\"5.1.6\" class=\"bt_bb_row  bt_bb_animation_no_animation animate\"  data-bt-override-class=\"{}\"><div class=\"bt_bb_row_holder\" ><div data-bb-version=\"5.0.1\"  class=\"bt_bb_column col-xxl-12 col-xl-12 col-xs-12 col-sm-12 col-md-12 col-lg-12 bt_bb_vertical_align_top bt_bb_align_left bt_bb_padding_normal\" style=\"; --column-width:12;\" data-width=\"12\" data-bt-override-class=\"{}\"><div class=\"bt_bb_column_content\"><div class=\"bt_bb_column_content_inner\"><div data-bb-version=\"5.1.6\" class=\"bt_bb_separator bt_bb_top_spacing_small bt_bb_border_style_none bt_bb_border_color_none\"><\/div><header data-bb-version=\"5.0.1\" class=\"bt_bb_headline bt_bb_font_weight_normal bt_bb_dash_none bt_bb_size_normal bt_bb_align_inherit\" data-bt-override-class=\"{&quot;bt_bb_align_&quot;:{&quot;current_class&quot;:&quot;bt_bb_align_inherit&quot;,&quot;xxl&quot;:&quot;inherit&quot;}}\"><h2 class=\"bt_bb_headline_tag\"><span class=\"bt_bb_headline_content\"><span>Suppression de packages<\/span><\/span><\/h2><\/header><div data-bb-version=\"5.0.1\" class=\"bt_bb_separator bt_bb_bottom_spacing_normal bt_bb_border_style_none bt_bb_border_color_none\"><\/div><\/div><\/div><\/div><\/div><\/div><div data-bb-version=\"5.0.1\" class=\"bt_bb_row  bt_bb_animation_no_animation animate\"  data-bt-override-class=\"{}\"><div class=\"bt_bb_row_holder\" ><div data-bb-version=\"5.0.1\"  class=\"bt_bb_column col-xxl-12 col-xl-12 col-xs-12 col-sm-12 col-md-12 col-lg-12 bt_bb_vertical_align_top bt_bb_align_left bt_bb_padding_normal bt_bb_animation_fade_in animate bt_bb_details-color_white\" style=\"; --column-width:12;\" data-width=\"12\" data-bt-override-class=\"{&quot;bt_bb_align_&quot;:{&quot;current_class&quot;:&quot;bt_bb_align_left&quot;,&quot;xxl&quot;:&quot;left&quot;}}\"><div class=\"bt_bb_column_content\"><div class=\"bt_bb_column_content_inner\"><div  class=\"bt_bb_text\" ><\/p>\n<p>Chez certains patients, des dilatations vasculaires assez importantes peuvent \u00eatre observ\u00e9es \u00e0 diff\u00e9rents niveaux des jambes. Ceux-ci sont appel\u00e9s \u00ab <em>packs<\/em> \u00bb. Il est possible de les retirer en pratiquant de petites incisions sous anesth\u00e9sie locale (<em>excision pack, mini phl\u00e9bectomie<\/em>). Les incisions sont ferm\u00e9es avec des points ou des bandelettes individuelles. Le nombre d&rsquo;incisions qui seront pratiqu\u00e9es d\u00e9pend enti\u00e8rement de l&rsquo;\u00e9tendue des poches du patient.<\/p>\n<p>\n<\/div><\/div><\/div><\/div><\/div><\/div><\/div><\/div><\/div><\/section><\/p>\n","protected":false},"excerpt":{"rendered":"","protected":false},"author":3,"featured_media":0,"parent":6226,"menu_order":3,"comment_status":"closed","ping_status":"closed","template":"","meta":{"footnotes":""},"class_list":["post-6235","page","type-page","status-publish","hentry"],"yoast_head":"<!-- This site is optimized with the Yoast SEO plugin v24.8.1 - https:\/\/yoast.com\/wordpress\/plugins\/seo\/ -->\n<title>Interventions chirurgicales, Ma\u00eetre de Conf\u00e9rences Docteure Asl\u0131han K\u00fc\u00e7\u00fcker<\/title>\n<meta name=\"description\" content=\"Interventions chirurgicales : chirurgie ouverte des varices et retrait des granules. Ils sont r\u00e9alis\u00e9s dans les conditions d&#039;un bloc op\u00e9ratoire et sous anesth\u00e9sie appropri\u00e9e.\" \/>\n<meta name=\"robots\" content=\"index, follow, max-snippet:-1, max-image-preview:large, max-video-preview:-1\" \/>\n<link rel=\"canonical\" href=\"https:\/\/www.aslihankucuker.com\/fr\/varices\/interventions-chirurgicales\/\" \/>\n<meta property=\"og:locale\" content=\"fr_FR\" \/>\n<meta property=\"og:type\" content=\"article\" \/>\n<meta property=\"og:title\" content=\"Interventions chirurgicales, Ma\u00eetre de Conf\u00e9rences Docteure Asl\u0131han K\u00fc\u00e7\u00fcker\" \/>\n<meta property=\"og:description\" content=\"Interventions chirurgicales : chirurgie ouverte des varices et retrait des granules. Ils sont r\u00e9alis\u00e9s dans les conditions d&#039;un bloc op\u00e9ratoire et sous anesth\u00e9sie appropri\u00e9e.\" \/>\n<meta property=\"og:url\" content=\"https:\/\/www.aslihankucuker.com\/fr\/varices\/interventions-chirurgicales\/\" \/>\n<meta property=\"og:site_name\" content=\"Ma\u00eetre de Conf\u00e9rences Docteure Asl\u0131han K\u00fc\u00e7\u00fcker\" \/>\n<meta property=\"article:publisher\" content=\"https:\/\/www.facebook.com\/profile.php?id=61552768660846\" \/>\n<meta property=\"article:modified_time\" content=\"2025-06-29T21:45:37+00:00\" \/>\n<meta property=\"og:image\" content=\"https:\/\/www.aslihankucuker.com\/wp-content\/uploads\/2024\/10\/cerrahi-girisimler-640x360.jpg\" \/>\n<meta name=\"twitter:card\" content=\"summary_large_image\" \/>\n<meta name=\"twitter:label1\" content=\"Dur\u00e9e de lecture estim\u00e9e\" \/>\n\t<meta name=\"twitter:data1\" content=\"9 minutes\" \/>\n<script type=\"application\/ld+json\" class=\"yoast-schema-graph\">{\"@context\":\"https:\/\/schema.org\",\"@graph\":[{\"@type\":\"WebPage\",\"@id\":\"https:\/\/www.aslihankucuker.com\/fr\/varices\/interventions-chirurgicales\/\",\"url\":\"https:\/\/www.aslihankucuker.com\/fr\/varices\/interventions-chirurgicales\/\",\"name\":\"Interventions chirurgicales, Ma\u00eetre de Conf\u00e9rences Docteure Asl\u0131han K\u00fc\u00e7\u00fcker\",\"isPartOf\":{\"@id\":\"https:\/\/www.aslihankucuker.com\/fr\/#website\"},\"datePublished\":\"2024-06-03T22:35:57+00:00\",\"dateModified\":\"2025-06-29T21:45:37+00:00\",\"description\":\"Interventions chirurgicales : chirurgie ouverte des varices et retrait des granules. Ils sont r\u00e9alis\u00e9s dans les conditions d'un bloc op\u00e9ratoire et sous anesth\u00e9sie appropri\u00e9e.\",\"breadcrumb\":{\"@id\":\"https:\/\/www.aslihankucuker.com\/fr\/varices\/interventions-chirurgicales\/#breadcrumb\"},\"inLanguage\":\"fr-FR\",\"potentialAction\":[{\"@type\":\"ReadAction\",\"target\":[\"https:\/\/www.aslihankucuker.com\/fr\/varices\/interventions-chirurgicales\/\"]}]},{\"@type\":\"BreadcrumbList\",\"@id\":\"https:\/\/www.aslihankucuker.com\/fr\/varices\/interventions-chirurgicales\/#breadcrumb\",\"itemListElement\":[{\"@type\":\"ListItem\",\"position\":1,\"name\":\"Anasayfa\",\"item\":\"https:\/\/www.aslihankucuker.com\/fr\/page-daccueil\/\"},{\"@type\":\"ListItem\",\"position\":2,\"name\":\"Varices\",\"item\":\"https:\/\/www.aslihankucuker.com\/fr\/varices\/\"},{\"@type\":\"ListItem\",\"position\":3,\"name\":\"Interventions chirurgicales\"}]},{\"@type\":\"WebSite\",\"@id\":\"https:\/\/www.aslihankucuker.com\/fr\/#website\",\"url\":\"https:\/\/www.aslihankucuker.com\/fr\/\",\"name\":\"Do\u00e7. Dr. Asl\u0131han K\u00fc\u00e7\u00fcker\",\"description\":\"Sp\u00e9cialiste en Chirurgie Cardio-vasculaire\",\"publisher\":{\"@id\":\"https:\/\/www.aslihankucuker.com\/fr\/#organization\"},\"potentialAction\":[{\"@type\":\"SearchAction\",\"target\":{\"@type\":\"EntryPoint\",\"urlTemplate\":\"https:\/\/www.aslihankucuker.com\/fr\/?s={search_term_string}\"},\"query-input\":{\"@type\":\"PropertyValueSpecification\",\"valueRequired\":true,\"valueName\":\"search_term_string\"}}],\"inLanguage\":\"fr-FR\"},{\"@type\":\"Organization\",\"@id\":\"https:\/\/www.aslihankucuker.com\/fr\/#organization\",\"name\":\"Do\u00e7. Dr. Asl\u0131han K\u00fc\u00e7\u00fcker\",\"url\":\"https:\/\/www.aslihankucuker.com\/fr\/\",\"logo\":{\"@type\":\"ImageObject\",\"inLanguage\":\"fr-FR\",\"@id\":\"https:\/\/www.aslihankucuker.com\/fr\/#\/schema\/logo\/image\/\",\"url\":\"https:\/\/www.aslihankucuker.com\/wp-content\/uploads\/2024\/07\/logo-doc-dr-aslihan-kucuker-renkli.svg\",\"contentUrl\":\"https:\/\/www.aslihankucuker.com\/wp-content\/uploads\/2024\/07\/logo-doc-dr-aslihan-kucuker-renkli.svg\",\"width\":1201,\"height\":542,\"caption\":\"Do\u00e7. Dr. Asl\u0131han K\u00fc\u00e7\u00fcker\"},\"image\":{\"@id\":\"https:\/\/www.aslihankucuker.com\/fr\/#\/schema\/logo\/image\/\"},\"sameAs\":[\"https:\/\/www.facebook.com\/profile.php?id=61552768660846\",\"https:\/\/www.instagram.com\/doc.dr.aslihankucuker\/\"]}]}<\/script>\n<!-- \/ Yoast SEO plugin. -->","yoast_head_json":{"title":"Interventions chirurgicales, Ma\u00eetre de Conf\u00e9rences Docteure Asl\u0131han K\u00fc\u00e7\u00fcker","description":"Interventions chirurgicales : chirurgie ouverte des varices et retrait des granules. Ils sont r\u00e9alis\u00e9s dans les conditions d'un bloc op\u00e9ratoire et sous anesth\u00e9sie appropri\u00e9e.","robots":{"index":"index","follow":"follow","max-snippet":"max-snippet:-1","max-image-preview":"max-image-preview:large","max-video-preview":"max-video-preview:-1"},"canonical":"https:\/\/www.aslihankucuker.com\/fr\/varices\/interventions-chirurgicales\/","og_locale":"fr_FR","og_type":"article","og_title":"Interventions chirurgicales, Ma\u00eetre de Conf\u00e9rences Docteure Asl\u0131han K\u00fc\u00e7\u00fcker","og_description":"Interventions chirurgicales : chirurgie ouverte des varices et retrait des granules. Ils sont r\u00e9alis\u00e9s dans les conditions d'un bloc op\u00e9ratoire et sous anesth\u00e9sie appropri\u00e9e.","og_url":"https:\/\/www.aslihankucuker.com\/fr\/varices\/interventions-chirurgicales\/","og_site_name":"Ma\u00eetre de Conf\u00e9rences Docteure Asl\u0131han K\u00fc\u00e7\u00fcker","article_publisher":"https:\/\/www.facebook.com\/profile.php?id=61552768660846","article_modified_time":"2025-06-29T21:45:37+00:00","og_image":[{"url":"https:\/\/www.aslihankucuker.com\/wp-content\/uploads\/2024\/10\/cerrahi-girisimler-640x360.jpg","type":"","width":"","height":""}],"twitter_card":"summary_large_image","twitter_misc":{"Dur\u00e9e de lecture estim\u00e9e":"9 minutes"},"schema":{"@context":"https:\/\/schema.org","@graph":[{"@type":"WebPage","@id":"https:\/\/www.aslihankucuker.com\/fr\/varices\/interventions-chirurgicales\/","url":"https:\/\/www.aslihankucuker.com\/fr\/varices\/interventions-chirurgicales\/","name":"Interventions chirurgicales, Ma\u00eetre de Conf\u00e9rences Docteure Asl\u0131han K\u00fc\u00e7\u00fcker","isPartOf":{"@id":"https:\/\/www.aslihankucuker.com\/fr\/#website"},"datePublished":"2024-06-03T22:35:57+00:00","dateModified":"2025-06-29T21:45:37+00:00","description":"Interventions chirurgicales : chirurgie ouverte des varices et retrait des granules. Ils sont r\u00e9alis\u00e9s dans les conditions d'un bloc op\u00e9ratoire et sous anesth\u00e9sie appropri\u00e9e.","breadcrumb":{"@id":"https:\/\/www.aslihankucuker.com\/fr\/varices\/interventions-chirurgicales\/#breadcrumb"},"inLanguage":"fr-FR","potentialAction":[{"@type":"ReadAction","target":["https:\/\/www.aslihankucuker.com\/fr\/varices\/interventions-chirurgicales\/"]}]},{"@type":"BreadcrumbList","@id":"https:\/\/www.aslihankucuker.com\/fr\/varices\/interventions-chirurgicales\/#breadcrumb","itemListElement":[{"@type":"ListItem","position":1,"name":"Anasayfa","item":"https:\/\/www.aslihankucuker.com\/fr\/page-daccueil\/"},{"@type":"ListItem","position":2,"name":"Varices","item":"https:\/\/www.aslihankucuker.com\/fr\/varices\/"},{"@type":"ListItem","position":3,"name":"Interventions chirurgicales"}]},{"@type":"WebSite","@id":"https:\/\/www.aslihankucuker.com\/fr\/#website","url":"https:\/\/www.aslihankucuker.com\/fr\/","name":"Do\u00e7. Dr. Asl\u0131han K\u00fc\u00e7\u00fcker","description":"Sp\u00e9cialiste en Chirurgie Cardio-vasculaire","publisher":{"@id":"https:\/\/www.aslihankucuker.com\/fr\/#organization"},"potentialAction":[{"@type":"SearchAction","target":{"@type":"EntryPoint","urlTemplate":"https:\/\/www.aslihankucuker.com\/fr\/?s={search_term_string}"},"query-input":{"@type":"PropertyValueSpecification","valueRequired":true,"valueName":"search_term_string"}}],"inLanguage":"fr-FR"},{"@type":"Organization","@id":"https:\/\/www.aslihankucuker.com\/fr\/#organization","name":"Do\u00e7. Dr. Asl\u0131han K\u00fc\u00e7\u00fcker","url":"https:\/\/www.aslihankucuker.com\/fr\/","logo":{"@type":"ImageObject","inLanguage":"fr-FR","@id":"https:\/\/www.aslihankucuker.com\/fr\/#\/schema\/logo\/image\/","url":"https:\/\/www.aslihankucuker.com\/wp-content\/uploads\/2024\/07\/logo-doc-dr-aslihan-kucuker-renkli.svg","contentUrl":"https:\/\/www.aslihankucuker.com\/wp-content\/uploads\/2024\/07\/logo-doc-dr-aslihan-kucuker-renkli.svg","width":1201,"height":542,"caption":"Do\u00e7. Dr. Asl\u0131han K\u00fc\u00e7\u00fcker"},"image":{"@id":"https:\/\/www.aslihankucuker.com\/fr\/#\/schema\/logo\/image\/"},"sameAs":["https:\/\/www.facebook.com\/profile.php?id=61552768660846","https:\/\/www.instagram.com\/doc.dr.aslihankucuker\/"]}]}},"_links":{"self":[{"href":"https:\/\/www.aslihankucuker.com\/fr\/wp-json\/wp\/v2\/pages\/6235","targetHints":{"allow":["GET"]}}],"collection":[{"href":"https:\/\/www.aslihankucuker.com\/fr\/wp-json\/wp\/v2\/pages"}],"about":[{"href":"https:\/\/www.aslihankucuker.com\/fr\/wp-json\/wp\/v2\/types\/page"}],"author":[{"embeddable":true,"href":"https:\/\/www.aslihankucuker.com\/fr\/wp-json\/wp\/v2\/users\/3"}],"replies":[{"embeddable":true,"href":"https:\/\/www.aslihankucuker.com\/fr\/wp-json\/wp\/v2\/comments?post=6235"}],"version-history":[{"count":0,"href":"https:\/\/www.aslihankucuker.com\/fr\/wp-json\/wp\/v2\/pages\/6235\/revisions"}],"up":[{"embeddable":true,"href":"https:\/\/www.aslihankucuker.com\/fr\/wp-json\/wp\/v2\/pages\/6226"}],"wp:attachment":[{"href":"https:\/\/www.aslihankucuker.com\/fr\/wp-json\/wp\/v2\/media?parent=6235"}],"curies":[{"name":"wp","href":"https:\/\/api.w.org\/{rel}","templated":true}]}}